{"id":9,"date":"2015-08-24T20:27:25","date_gmt":"2015-08-24T18:27:25","guid":{"rendered":"http:\/\/internettalents.com\/pl\/?page_id=9"},"modified":"2015-12-21T23:47:46","modified_gmt":"2015-12-21T22:47:46","slug":"home","status":"publish","type":"page","link":"http:\/\/internettalents.com\/pl\/","title":{"rendered":"home"},"content":{"rendered":"<div   class='avia-fullscreen-slider main_color   avia-builder-el-0  el_before_av_section  avia-builder-el-first  container_wrap sidebar_right'  ><a href='#next-section' title='' class='scroll-down-link ' aria-hidden='true' data-av_icon='\ue877' data-av_iconfont='entypo-fontello'><\/a><div  class='avia-slideshow av-av_fullscreen-2f3ebc4dee59d422d05c5b61dd5b2e1b avia-slideshow-extra_large av_fullscreen avia-slide-slider av-slideshow-ui av-slideshow-manual av-loop-once av-loop-manual-endless av-slider-scroll-down-active av-default-height-applied   avia-slideshow-1' data-slideshow-options=\"{&quot;animation&quot;:&quot;slide&quot;,&quot;autoplay&quot;:false,&quot;loop_autoplay&quot;:&quot;once&quot;,&quot;interval&quot;:5,&quot;loop_manual&quot;:&quot;manual-endless&quot;,&quot;autoplay_stopper&quot;:false,&quot;noNavigation&quot;:false,&quot;bg_slider&quot;:true,&quot;keep_padding&quot;:false,&quot;hoverpause&quot;:false,&quot;show_slide_delay&quot;:0,&quot;slide_height&quot;:&quot;100&quot;,&quot;image_attachment&quot;:&quot;&quot;}\"  itemprop=\"image\" itemscope=\"itemscope\" itemtype=\"https:\/\/schema.org\/ImageObject\" ><ul class='avia-slideshow-inner ' style='padding-bottom: 56.266666666667%;'><li style='background-position:center center;' data-img-url='http:\/\/internettalents.com\/pl\/wp-content\/uploads\/sites\/2\/2015\/08\/frontpage-1500x844.jpg' class='avia-slideshow-slide av-av_fullscreen-2f3ebc4dee59d422d05c5b61dd5b2e1b__0  av-single-slide slide-1 slide-odd'><div data-rel='slideshow-1' class='avia-slide-wrap '   ><\/div><\/li><\/ul><div class='av-slideshow-caption av-av_fullscreen-2f3ebc4dee59d422d05c5b61dd5b2e1b__0 caption_fullwidth caption_bottom caption_bottom_framed caption_framed'><div class=\"container caption_container\"><div class=\"slideshow_caption\"><div class=\"slideshow_inner_caption\"><div class=\"slideshow_align_caption\"><h2 class='avia-caption-title '  itemprop=\"name\" >Na szczycie Twoich wymaga\u0144.<\/h2><div class='avia-caption-content '  itemprop=\"description\" ><p>Rekrutacje traktujemy jak g\u00f3rskie wyprawy.<br \/>\nZ powag\u0105, pe\u0142n\u0105 koncentracj\u0105<br \/>\ni najwi\u0119ksz\u0105 przyjemno\u015bci\u0105 z dzia\u0142ania.<br \/>\nNie boimy si\u0119 wyzwa\u0144, ani trudno\u015bci.<br \/>\nZe \u015bwiadomym partnerem mo\u017cemy i\u015b\u0107 po ka\u017cdy szczyt.<\/p>\n<\/div><a href='http:\/\/internettalents.com\/pl\/o-nas\/'  class='avia-slideshow-button avia-button avia-color-light ' data-duration='800' data-easing='easeInOutQuad'>Poznaj nas<\/a><\/div><\/div><\/div><\/div><\/div><\/div><\/div>\n\n<style type=\"text\/css\" data-created_by=\"avia_inline_auto\" id=\"style-css-av-av_section-d0c660a09c713fae959a6006bd029ad7\">\n.avia-section.av-av_section-d0c660a09c713fae959a6006bd029ad7{\nbackground-color:#ffffff;\nbackground-image:unset;\n}\n<\/style>\n<div id='av_section_1'  class='avia-section av-av_section-d0c660a09c713fae959a6006bd029ad7 main_color avia-section-default avia-no-shadow  avia-builder-el-1  el_after_av_fullscreen  avia-builder-el-last  avia-bg-style-scroll container_wrap sidebar_right'  ><div class='container av-section-cont-open' ><div class='template-page content  av-content-small alpha units'><div class='post-entry post-entry-type-page post-entry-9'><div class='entry-content-wrapper clearfix'>\n<div  class='avia-logo-element-container av-av_partner-b0d2870657aa216dd165f42ceee8e8fa av-border-deactivate avia-logo-slider avia-content-slider avia-smallarrow-slider avia-content-slider-active noHover avia-content-slider-even  avia-builder-el-2  avia-builder-el-no-sibling  av-slideshow-ui av-control-hidden av-nav-arrows-visible av-nav-dots-visible av-no-slider-navigation av-hide-nav-arrows av-slideshow-autoplay av-loop-endless av-loop-manual-endless avia-content-slider1' data-slideshow-options=\"{&quot;animation&quot;:&quot;slide&quot;,&quot;autoplay&quot;:true,&quot;loop_autoplay&quot;:&quot;endless&quot;,&quot;interval&quot;:5,&quot;loop_manual&quot;:&quot;manual-endless&quot;,&quot;autoplay_stopper&quot;:false,&quot;noNavigation&quot;:true,&quot;bg_slider&quot;:false,&quot;keep_padding&quot;:&quot;&quot;,&quot;hoverpause&quot;:false,&quot;show_slide_delay&quot;:0}\"><div class='avia-smallarrow-slider-heading '><div class='new-special-heading'><h3 class='av-logo-special-heading-text '>Zaufali nam<\/h3><\/div><\/div><div class=\"avia-content-slider-inner\"><div class=\"slide-entry-wrap\"><div  class='slide-entry av-av_partner_logo-789eb838a74ddee948f11d99832b0368 flex_column no_margin av_one_fourth real-thumbnail post-entry slide-entry-overview slide-loop-1 slide-parity-odd  first'><span class='av-partner-fake-img' style='padding-bottom:40%; background-image:url(http:\/\/internettalents.com\/pl\/wp-content\/uploads\/sites\/2\/2015\/08\/cube-group-logo-it.jpg);'><\/span><\/div><div  class='slide-entry av-av_partner_logo-145095d9d5b441326e3865a24cf7d93c flex_column no_margin av_one_fourth real-thumbnail post-entry slide-entry-overview slide-loop-2 slide-parity-even  '><span class='av-partner-fake-img' style='padding-bottom:40%; background-image:url(http:\/\/internettalents.com\/pl\/wp-content\/uploads\/sites\/2\/2015\/08\/zenithoptimedia-logo-it.jpg);'><\/span><\/div><div  class='slide-entry av-av_partner_logo-0462f15159dfc22086dc7453ba77a0ed flex_column no_margin av_one_fourth real-thumbnail post-entry slide-entry-overview slide-loop-3 slide-parity-odd  '><span class='av-partner-fake-img' style='padding-bottom:40%; background-image:url(http:\/\/internettalents.com\/pl\/wp-content\/uploads\/sites\/2\/2015\/08\/allegro-logo-it.jpg);'><\/span><\/div><div  class='slide-entry av-av_partner_logo-85d4378988fd8095f6c0ea1a4e09cdce flex_column no_margin av_one_fourth real-thumbnail post-entry slide-entry-overview slide-loop-4 slide-parity-even  '><span class='av-partner-fake-img' style='padding-bottom:40%; background-image:url(http:\/\/internettalents.com\/pl\/wp-content\/uploads\/sites\/2\/2015\/08\/agora-logo-it.jpg);'><\/span><\/div><\/div><div class=\"slide-entry-wrap\"><div  class='slide-entry av-av_partner_logo-ab850d7f80fecb4185d6c9658f0dff0b flex_column no_margin av_one_fourth real-thumbnail post-entry slide-entry-overview slide-loop-5 slide-parity-odd  first'><span class='av-partner-fake-img' style='padding-bottom:40%; background-image:url(http:\/\/internettalents.com\/pl\/wp-content\/uploads\/sites\/2\/2015\/08\/nk-logo-it.jpg);'><\/span><\/div><div  class='slide-entry av-av_partner_logo-42466cbf79edeab82a414d8ec79b0d0a flex_column no_margin av_one_fourth real-thumbnail post-entry slide-entry-overview slide-loop-6 slide-parity-even  '><span class='av-partner-fake-img' style='padding-bottom:40%; background-image:url(http:\/\/internettalents.com\/pl\/wp-content\/uploads\/sites\/2\/2015\/08\/bonnier-logo-it.jpg);'><\/span><\/div><div  class='slide-entry av-av_partner_logo-4d327cedda66e47bcd85114097e91571 flex_column no_margin av_one_fourth real-thumbnail post-entry slide-entry-overview slide-loop-7 slide-parity-odd  '><span class='av-partner-fake-img' style='padding-bottom:40%; background-image:url(http:\/\/internettalents.com\/pl\/wp-content\/uploads\/sites\/2\/2015\/08\/money-logo-it.jpg);'><\/span><\/div><div  class='slide-entry av-av_partner_logo-5db2e25c82e088b9cf9e89182afbc9cd flex_column no_margin av_one_fourth real-thumbnail post-entry slide-entry-overview slide-loop-8 slide-parity-even post-entry-last '><span class='av-partner-fake-img' style='padding-bottom:40%; background-image:url(http:\/\/internettalents.com\/pl\/wp-content\/uploads\/sites\/2\/2015\/08\/ban-logo-it.jpg);'><\/span><\/div><\/div><\/div><\/div>\n<\/div><\/div><\/div><!-- close content main div --><\/div><\/div><div id='after_section_1'  class='main_color av_default_container_wrap container_wrap sidebar_right'  ><div class='container av-section-cont-open' ><div class='template-page content  av-content-small alpha units'><div class='post-entry post-entry-type-page post-entry-9'><div class='entry-content-wrapper clearfix'>\n","protected":false},"excerpt":{"rendered":"","protected":false},"author":1,"featured_media":0,"parent":0,"menu_order":0,"comment_status":"closed","ping_status":"closed","template":"","meta":[],"yoast_head":"<!-- This site is optimized with the Yoast SEO plugin v19.6.1 - https:\/\/yoast.com\/wordpress\/plugins\/seo\/ -->\n<title>Rekrutacje do bran\u017cy online - Internet Talents<\/title>\n<meta name=\"description\" content=\"Jeste\u015bmy butikow\u0105 agencj\u0105 rekrutacyjn\u0105. Specjalizujemy si\u0119 wy\u0142\u0105cznie w rekrutacjach w Online Media\/Marketing\/Advertising, E-commerce oraz Web development.\" \/>\n<meta name=\"robots\" content=\"index, follow, max-snippet:-1, max-image-preview:large, max-video-preview:-1\" \/>\n<link rel=\"canonical\" href=\"http:\/\/internettalents.com\/pl\/\" \/>\n<meta property=\"og:locale\" content=\"pl_PL\" \/>\n<meta property=\"og:type\" content=\"article\" \/>\n<meta property=\"og:title\" content=\"Rekrutacje do bran\u017cy online - Internet Talents\" \/>\n<meta property=\"og:description\" content=\"Jeste\u015bmy butikow\u0105 agencj\u0105 rekrutacyjn\u0105. Specjalizujemy si\u0119 wy\u0142\u0105cznie w rekrutacjach w Online Media\/Marketing\/Advertising, E-commerce oraz Web development.\" \/>\n<meta property=\"og:url\" content=\"http:\/\/internettalents.com\/pl\/\" \/>\n<meta property=\"og:site_name\" content=\"Internet Talents PL\" \/>\n<meta property=\"article:modified_time\" content=\"2015-12-21T22:47:46+00:00\" \/>\n<meta name=\"twitter:card\" content=\"summary\" \/>\n<meta name=\"twitter:label1\" content=\"Szacowany czas czytania\" \/>\n\t<meta name=\"twitter:data1\" content=\"2 minuty\" \/>\n<script type=\"application\/ld+json\" class=\"yoast-schema-graph\">{\"@context\":\"https:\/\/schema.org\",\"@graph\":[{\"@type\":\"WebPage\",\"@id\":\"http:\/\/internettalents.com\/pl\/\",\"url\":\"http:\/\/internettalents.com\/pl\/\",\"name\":\"Rekrutacje do bran\u017cy online - Internet Talents\",\"isPartOf\":{\"@id\":\"http:\/\/internettalents.com\/pl\/#website\"},\"datePublished\":\"2015-08-24T18:27:25+00:00\",\"dateModified\":\"2015-12-21T22:47:46+00:00\",\"description\":\"Jeste\u015bmy butikow\u0105 agencj\u0105 rekrutacyjn\u0105. Specjalizujemy si\u0119 wy\u0142\u0105cznie w rekrutacjach w Online Media\/Marketing\/Advertising, E-commerce oraz Web development.\",\"breadcrumb\":{\"@id\":\"http:\/\/internettalents.com\/pl\/#breadcrumb\"},\"inLanguage\":\"pl-PL\",\"potentialAction\":[{\"@type\":\"ReadAction\",\"target\":[\"http:\/\/internettalents.com\/pl\/\"]}]},{\"@type\":\"BreadcrumbList\",\"@id\":\"http:\/\/internettalents.com\/pl\/#breadcrumb\",\"itemListElement\":[{\"@type\":\"ListItem\",\"position\":1,\"name\":\"Strona g\u0142\u00f3wna\",\"item\":\"http:\/\/internettalents.com\/pl\/\"},{\"@type\":\"ListItem\",\"position\":2,\"name\":\"home\"}]},{\"@type\":\"WebSite\",\"@id\":\"http:\/\/internettalents.com\/pl\/#website\",\"url\":\"http:\/\/internettalents.com\/pl\/\",\"name\":\"Internet Talents PL\",\"description\":\"Kolejna witryna sieci &#8222;Internet Talents&#8221;\",\"potentialAction\":[{\"@type\":\"SearchAction\",\"target\":{\"@type\":\"EntryPoint\",\"urlTemplate\":\"http:\/\/internettalents.com\/pl\/?s={search_term_string}\"},\"query-input\":\"required name=search_term_string\"}],\"inLanguage\":\"pl-PL\"}]}<\/script>\n<!-- \/ Yoast SEO plugin. -->","yoast_head_json":{"title":"Rekrutacje do bran\u017cy online - Internet Talents","description":"Jeste\u015bmy butikow\u0105 agencj\u0105 rekrutacyjn\u0105. Specjalizujemy si\u0119 wy\u0142\u0105cznie w rekrutacjach w Online Media\/Marketing\/Advertising, E-commerce oraz Web development.","robots":{"index":"index","follow":"follow","max-snippet":"max-snippet:-1","max-image-preview":"max-image-preview:large","max-video-preview":"max-video-preview:-1"},"canonical":"http:\/\/internettalents.com\/pl\/","og_locale":"pl_PL","og_type":"article","og_title":"Rekrutacje do bran\u017cy online - Internet Talents","og_description":"Jeste\u015bmy butikow\u0105 agencj\u0105 rekrutacyjn\u0105. Specjalizujemy si\u0119 wy\u0142\u0105cznie w rekrutacjach w Online Media\/Marketing\/Advertising, E-commerce oraz Web development.","og_url":"http:\/\/internettalents.com\/pl\/","og_site_name":"Internet Talents PL","article_modified_time":"2015-12-21T22:47:46+00:00","twitter_card":"summary","twitter_misc":{"Szacowany czas czytania":"2 minuty"},"schema":{"@context":"https:\/\/schema.org","@graph":[{"@type":"WebPage","@id":"http:\/\/internettalents.com\/pl\/","url":"http:\/\/internettalents.com\/pl\/","name":"Rekrutacje do bran\u017cy online - Internet Talents","isPartOf":{"@id":"http:\/\/internettalents.com\/pl\/#website"},"datePublished":"2015-08-24T18:27:25+00:00","dateModified":"2015-12-21T22:47:46+00:00","description":"Jeste\u015bmy butikow\u0105 agencj\u0105 rekrutacyjn\u0105. Specjalizujemy si\u0119 wy\u0142\u0105cznie w rekrutacjach w Online Media\/Marketing\/Advertising, E-commerce oraz Web development.","breadcrumb":{"@id":"http:\/\/internettalents.com\/pl\/#breadcrumb"},"inLanguage":"pl-PL","potentialAction":[{"@type":"ReadAction","target":["http:\/\/internettalents.com\/pl\/"]}]},{"@type":"BreadcrumbList","@id":"http:\/\/internettalents.com\/pl\/#breadcrumb","itemListElement":[{"@type":"ListItem","position":1,"name":"Strona g\u0142\u00f3wna","item":"http:\/\/internettalents.com\/pl\/"},{"@type":"ListItem","position":2,"name":"home"}]},{"@type":"WebSite","@id":"http:\/\/internettalents.com\/pl\/#website","url":"http:\/\/internettalents.com\/pl\/","name":"Internet Talents PL","description":"Kolejna witryna sieci &#8222;Internet Talents&#8221;","potentialAction":[{"@type":"SearchAction","target":{"@type":"EntryPoint","urlTemplate":"http:\/\/internettalents.com\/pl\/?s={search_term_string}"},"query-input":"required name=search_term_string"}],"inLanguage":"pl-PL"}]}},"_links":{"self":[{"href":"http:\/\/internettalents.com\/pl\/wp-json\/wp\/v2\/pages\/9"}],"collection":[{"href":"http:\/\/internettalents.com\/pl\/wp-json\/wp\/v2\/pages"}],"about":[{"href":"http:\/\/internettalents.com\/pl\/wp-json\/wp\/v2\/types\/page"}],"author":[{"embeddable":true,"href":"http:\/\/internettalents.com\/pl\/wp-json\/wp\/v2\/users\/1"}],"replies":[{"embeddable":true,"href":"http:\/\/internettalents.com\/pl\/wp-json\/wp\/v2\/comments?post=9"}],"version-history":[{"count":25,"href":"http:\/\/internettalents.com\/pl\/wp-json\/wp\/v2\/pages\/9\/revisions"}],"predecessor-version":[{"id":188,"href":"http:\/\/internettalents.com\/pl\/wp-json\/wp\/v2\/pages\/9\/revisions\/188"}],"wp:attachment":[{"href":"http:\/\/internettalents.com\/pl\/wp-json\/wp\/v2\/media?parent=9"}],"curies":[{"name":"wp","href":"https:\/\/api.w.org\/{rel}","templated":true}]}}