{"id":24,"date":"2015-08-25T15:18:45","date_gmt":"2015-08-25T13:18:45","guid":{"rendered":"http:\/\/internettalents.com\/pl\/?page_id=24"},"modified":"2020-03-14T17:11:42","modified_gmt":"2020-03-14T16:11:42","slug":"oferta","status":"publish","type":"page","link":"http:\/\/internettalents.com\/pl\/oferta\/","title":{"rendered":"Oferta"},"content":{"rendered":"<div class='flex_column av-av_one_half-2a9015ff38129c418a3f2eafba3e9512 av_one_half  avia-builder-el-0  el_before_av_one_half  avia-builder-el-first  first flex_column_div '     ><p>\n<style type=\"text\/css\" data-created_by=\"avia_inline_auto\" id=\"style-css-av-av_heading-80bd93f9ab6e0e2b9eb4ee7130fdf8e8\">\n#top .av-special-heading.av-av_heading-80bd93f9ab6e0e2b9eb4ee7130fdf8e8{\npadding-bottom:10px;\n}\nbody .av-special-heading.av-av_heading-80bd93f9ab6e0e2b9eb4ee7130fdf8e8 .av-special-heading-tag .heading-char{\nfont-size:25px;\n}\n.av-special-heading.av-av_heading-80bd93f9ab6e0e2b9eb4ee7130fdf8e8 .av-subheading{\nfont-size:15px;\n}\n<\/style>\n<div  class='av-special-heading av-av_heading-80bd93f9ab6e0e2b9eb4ee7130fdf8e8 av-special-heading-h3  avia-builder-el-1  el_before_av_textblock  avia-builder-el-first '><h3 class='av-special-heading-tag'  itemprop=\"headline\"  >Nasza filozofia pracy<\/h3><div class=\"special-heading-border\"><div class=\"special-heading-inner-border\"><\/div><\/div><\/div><br \/>\n<section  class='av_textblock_section av-av_textblock-0366cc7376be6c9e82a3e9cc8987b64f'  itemscope=\"itemscope\" itemtype=\"https:\/\/schema.org\/CreativeWork\" ><div class='avia_textblock'  itemprop=\"text\" ><p>Naszym celem jest realizowa\u0107 projekty dla klient\u00f3w, kt\u00f3rych dzia\u0142alno\u015b\u0107 doceniamy i polubimy w trakcie pierwszego kontaktu. Ch\u0119tnie podejmujemy si\u0119 projekt\u00f3w, kt\u00f3re dadz\u0105 nam samym satysfakcj\u0119 i pozwol\u0105 si\u0119 rozwija\u0107. Jako zapaleni podr\u00f3\u017cnicy w \u017cyciu prywatnym, r\u00f3wnie\u017c w pracy zawodowej nie unikamy projekt\u00f3w trudnych i potrafimy si\u0119 odnale\u017a\u0107 w ka\u017cdych, nawet najbardziej wymagaj\u0105cych okoliczno\u015bciach, aby dotrze\u0107 do wyznaczonego sobie celu. W pracy w naszymi partnerami stawiamy na wnikliw\u0105 analiz\u0119 potrzeb oraz jako\u015bciow\u0105 i szybk\u0105 komunikacj\u0119. Warunkiem wsp\u00f3\u0142pracy jest umiej\u0119tno\u015bci precyzyjnego definiowania potrzeb oraz szybko\u015b\u0107 operacyjna w trakcie realizacji. Ze wzgl\u0119du na ma\u0142y zesp\u00f3\u0142 pracujemy wy\u0142\u0105cznie z wybranymi klientami i niewielk\u0105 ich liczb\u0105 w jednym czasie, tak aby zapewni\u0107 maksymaln\u0105 koncentracj\u0119 na zleconych projektach.<\/p>\n<\/div><\/section><br \/>\n\n<style type=\"text\/css\" data-created_by=\"avia_inline_auto\" id=\"style-css-av-av_heading-de436b5ff8d48998775e0335c9fff0ae\">\n#top .av-special-heading.av-av_heading-de436b5ff8d48998775e0335c9fff0ae{\npadding-bottom:10px;\n}\nbody .av-special-heading.av-av_heading-de436b5ff8d48998775e0335c9fff0ae .av-special-heading-tag .heading-char{\nfont-size:25px;\n}\n.av-special-heading.av-av_heading-de436b5ff8d48998775e0335c9fff0ae .av-subheading{\nfont-size:15px;\n}\n<\/style>\n<div  class='av-special-heading av-av_heading-de436b5ff8d48998775e0335c9fff0ae av-special-heading-h3  avia-builder-el-3  el_after_av_textblock  el_before_av_textblock '><h3 class='av-special-heading-tag'  itemprop=\"headline\"  >Zaplecze i skuteczno\u015b\u0107<\/h3><div class=\"special-heading-border\"><div class=\"special-heading-inner-border\"><\/div><\/div><\/div><br \/>\n<section  class='av_textblock_section av-av_textblock-0366cc7376be6c9e82a3e9cc8987b64f'  itemscope=\"itemscope\" itemtype=\"https:\/\/schema.org\/CreativeWork\" ><div class='avia_textblock'  itemprop=\"text\" ><p>Wyr\u00f3\u017cnia nas\u00a0fakt, \u017ce dzia\u0142amy na tym rynku od &#8222;zawsze&#8221; i mamy <span class=\"text_exposed_show\">doskona\u0142e relacje z bran\u017cowymi ekspertami, kt\u00f3rzy wspieraj\u0105 realizacje naszych projekt\u00f3w. Silnym\u00a0atutem jest to, \u017ce z pierwszej r\u0119ki, od najbardziej wiarygodnych os\u00f3b z bran\u017cy uzyskujemy wiarygodne opinie i oceny kandydat\u00f3w na rekrutowane stanowiska. Dzi\u0119ki temu zrealizowane projekty\u00a0rekrutacyjne gwarantuj\u0105 wysok\u0105 skuteczno\u015b\u0107 dzia\u0142ania zatrudnionych kandydat\u00f3w. Mo\u017cemy r\u00f3wnie\u017c\u00a0pochwali\u0107 si\u0119 skuteczno\u015bci\u0105 na poziomie 95% zrealizowanych od pocz\u0105tku dzia\u0142alno\u015bci projekt\u00f3w.<\/span><\/p>\n<\/div><\/section><br \/>\n\n<style type=\"text\/css\" data-created_by=\"avia_inline_auto\" id=\"style-css-av-av_heading-0fdad9d83b363ebb9cb19a24563cb7ed\">\n#top .av-special-heading.av-av_heading-0fdad9d83b363ebb9cb19a24563cb7ed{\npadding-bottom:10px;\n}\nbody .av-special-heading.av-av_heading-0fdad9d83b363ebb9cb19a24563cb7ed .av-special-heading-tag .heading-char{\nfont-size:25px;\n}\n.av-special-heading.av-av_heading-0fdad9d83b363ebb9cb19a24563cb7ed .av-subheading{\nfont-size:15px;\n}\n<\/style>\n<div  class='av-special-heading av-av_heading-0fdad9d83b363ebb9cb19a24563cb7ed av-special-heading-h3  avia-builder-el-5  el_after_av_textblock  el_before_av_textblock '><h3 class='av-special-heading-tag'  itemprop=\"headline\"  >Przebieg procesu rekrutacyjnego<\/h3><div class=\"special-heading-border\"><div class=\"special-heading-inner-border\"><\/div><\/div><\/div><br \/>\n<section  class='av_textblock_section av-av_textblock-0366cc7376be6c9e82a3e9cc8987b64f'  itemscope=\"itemscope\" itemtype=\"https:\/\/schema.org\/CreativeWork\" ><div class='avia_textblock'  itemprop=\"text\" ><ul>\n<li>Precyzyjne zdefiniowanie potrzeb Klienta, jego oczekiwa\u0144 wobec Kandydata zako\u0144czone uzgodnieniem i przygotowaniem opisu stanowiska.<\/li>\n<li>Poszukiwania poprzez baz\u0119, sie\u0107 kontakt\u00f3w, newsletter do naszych subskrybent\u00f3w, executive search \u2013 wszystkie kana\u0142y poszukiwa\u0144 uruchamiamy od samego pocz\u0105tku,<\/li>\n<li>Analiza do\u015bwiadczenia i kompetencji kandydat\u00f3w,<\/li>\n<li>Prowadzenie wywiad\u00f3w pog\u0142\u0119bionych,<\/li>\n<li>Sprawdzenie rekomendacji,<\/li>\n<li>Dostarczenie raport\u00f3w opisuj\u0105cych najlepszych Kandydat\u00f3w zawieraj\u0105cy: opis do\u015bwiadczenia i kompetencji, przyk\u0142adowy zrealizowanych dzia\u0142a\u0144, charakterystyka psychologiczna, warunki przej\u015bcia,<\/li>\n<li>Proces negocjacyjny,<\/li>\n<li>Wsparcie procesu negocjacji zako\u0144czony podpisaniem z wybranym kandydatem listu intencyjnego lub umowy.<\/li>\n<\/ul>\n<\/div><\/section><br \/>\n\n<style type=\"text\/css\" data-created_by=\"avia_inline_auto\" id=\"style-css-av-av_heading-1a96f70ed79d55d96472035b3833c4f9\">\n#top .av-special-heading.av-av_heading-1a96f70ed79d55d96472035b3833c4f9{\npadding-bottom:10px;\n}\nbody .av-special-heading.av-av_heading-1a96f70ed79d55d96472035b3833c4f9 .av-special-heading-tag .heading-char{\nfont-size:25px;\n}\n.av-special-heading.av-av_heading-1a96f70ed79d55d96472035b3833c4f9 .av-subheading{\nfont-size:15px;\n}\n<\/style>\n<div  class='av-special-heading av-av_heading-1a96f70ed79d55d96472035b3833c4f9 av-special-heading-h3  avia-builder-el-7  el_after_av_textblock  el_before_av_textblock '><h3 class='av-special-heading-tag'  itemprop=\"headline\"  >Nasi klienci<\/h3><div class=\"special-heading-border\"><div class=\"special-heading-inner-border\"><\/div><\/div><\/div><br \/>\n<section  class='av_textblock_section av-av_textblock-0366cc7376be6c9e82a3e9cc8987b64f'  itemscope=\"itemscope\" itemtype=\"https:\/\/schema.org\/CreativeWork\" ><div class='avia_textblock'  itemprop=\"text\" ><p>W trakcie 7 lat dzia\u0142alno\u015bci z sukcesami zrealizowali\u015bmy projekty dla najwi\u0119kszych graczy bran\u017cy nowych medi\u00f3w w kraju i za granic\u0105: Acxiom,\u00a0Wolters Kluwer SA, Teleroute, Business Management Software, Grupa Allegro,\u00a0Nasza Klasa, AGORA, SearchLab, Zenithoptimedia Group, Bonnier Business, Cube Group,\u00a0Teleperformance sp. z o.o., Business Ad Network, Brand New Media, melog.com, Money.pl,\u00a0Estee Lauder Poland, Httpool i wielu innych firm.<\/p>\n<\/div><\/section><\/p><\/div>\n<div class='flex_column av-av_one_half-f78fb3c186c5ceb3cf0bf54353219056 av_one_half  avia-builder-el-9  el_after_av_one_half  el_before_av_section  avia-builder-el-last  flex_column_div '     ><p>\n<style type=\"text\/css\" data-created_by=\"avia_inline_auto\" id=\"style-css-av-av_heading-2e462ea0499fbd93d64ed7dfc806c30a\">\n#top .av-special-heading.av-av_heading-2e462ea0499fbd93d64ed7dfc806c30a{\npadding-bottom:10px;\n}\nbody .av-special-heading.av-av_heading-2e462ea0499fbd93d64ed7dfc806c30a .av-special-heading-tag .heading-char{\nfont-size:25px;\n}\n.av-special-heading.av-av_heading-2e462ea0499fbd93d64ed7dfc806c30a .av-subheading{\nfont-size:15px;\n}\n<\/style>\n<div  class='av-special-heading av-av_heading-2e462ea0499fbd93d64ed7dfc806c30a av-special-heading-h3  avia-builder-el-10  el_before_av_iconlist  avia-builder-el-first '><h3 class='av-special-heading-tag'  itemprop=\"headline\"  >Rekrutujemy na stanowiska:<\/h3><div class=\"special-heading-border\"><div class=\"special-heading-inner-border\"><\/div><\/div><\/div><br \/>\n<div  class='avia-icon-list-container av-av_iconlist-c9265973fe37925e1675fd541a8fb5d9  avia-builder-el-11  el_after_av_heading  avia-builder-el-last '><ul class='avia-icon-list avia_animate_when_almost_visible avia-icon-list-left av-iconlist-big av-av_iconlist-c9265973fe37925e1675fd541a8fb5d9 avia-iconlist-animate'>\n<li><div class='iconlist_icon av-av_iconlist_item-6d94e5709877bc293a84a146abf8f163 avia-font-entypo-fontello'><span class='iconlist-char' aria-hidden='true' data-av_icon='\ue8a7' data-av_iconfont='entypo-fontello'><\/span><\/div><article class=\"article-icon-entry \"  itemscope=\"itemscope\" itemtype=\"https:\/\/schema.org\/CreativeWork\" ><div class=\"iconlist_content_wrap\"><header class=\"entry-content-header\"><h4 class='av_iconlist_title iconlist_title  '  itemprop=\"headline\" >Online Marketing \/ PR<\/h4><\/header><div class='iconlist_content '  itemprop=\"text\" ><p>Dyrektor oddzia\u0142u polskiego \/ Country Manager,<br \/>\nDyrektor ds. PR i Komunikacji Korporacyjnej,<br \/>\nDyrektor\u00a0ds. Marketingu,<br \/>\nOn-line Marketing Manager,<br \/>\nOn-line Product Manager,<br \/>\nProduct Marketer,<br \/>\nSenior Interactive Media Planner &amp; Buyer,<br \/>\nMedia Manager<\/p>\n<\/div><\/div><footer class=\"entry-footer\"><\/footer><\/article><div class=\"iconlist-timeline\"><\/div><\/li>\n<li><div class='iconlist_icon av-av_iconlist_item-7df1d4ad2793c4c9e380a802524ad509 avia-font-entypo-fontello'><span class='iconlist-char' aria-hidden='true' data-av_icon='\ue8c5' data-av_iconfont='entypo-fontello'><\/span><\/div><article class=\"article-icon-entry \"  itemscope=\"itemscope\" itemtype=\"https:\/\/schema.org\/CreativeWork\" ><div class=\"iconlist_content_wrap\"><header class=\"entry-content-header\"><h4 class='av_iconlist_title iconlist_title  '  itemprop=\"headline\" >Sprzeda\u017c w obszarze internetu<\/h4><\/header><div class='iconlist_content '  itemprop=\"text\" ><p>Dyrektor ds. Sprzeda\u017cy,<br \/>\nDyrektor Biura Reklamy,<br \/>\nKey Account Manager,<br \/>\nAccount Manager,<br \/>\nAccount Executive,<br \/>\nStarszy Specjalista ds. sieci\u00a0afiliacyjnych,<br \/>\nKonsultant ds. Klienta.<\/p>\n<\/div><\/div><footer class=\"entry-footer\"><\/footer><\/article><div class=\"iconlist-timeline\"><\/div><\/li>\n<li><div class='iconlist_icon av-av_iconlist_item-fd99e2ab1811b5e7fe0a0cb904f5757f avia-font-entypo-fontello'><span class='iconlist-char' aria-hidden='true' data-av_icon='\ue803' data-av_iconfont='entypo-fontello'><\/span><\/div><article class=\"article-icon-entry \"  itemscope=\"itemscope\" itemtype=\"https:\/\/schema.org\/CreativeWork\" ><div class=\"iconlist_content_wrap\"><header class=\"entry-content-header\"><h4 class='av_iconlist_title iconlist_title  '  itemprop=\"headline\" >SEO \/ SEM<\/h4><\/header><div class='iconlist_content '  itemprop=\"text\" ><p>Head of Search,<br \/>\nStrateg SEM,<br \/>\nSenior SEM Specialist,<br \/>\nSEM Specialist.<\/p>\n<\/div><\/div><footer class=\"entry-footer\"><\/footer><\/article><div class=\"iconlist-timeline\"><\/div><\/li>\n<li><div class='iconlist_icon av-av_iconlist_item-50aaaafe614134204eab9a19ce983c59 avia-font-entypo-fontello'><span class='iconlist-char' aria-hidden='true' data-av_icon='\ue859' data-av_iconfont='entypo-fontello'><\/span><\/div><article class=\"article-icon-entry \"  itemscope=\"itemscope\" itemtype=\"https:\/\/schema.org\/CreativeWork\" ><div class=\"iconlist_content_wrap\"><header class=\"entry-content-header\"><h4 class='av_iconlist_title iconlist_title  '  itemprop=\"headline\" >E-commerce<\/h4><\/header><div class='iconlist_content '  itemprop=\"text\" ><p>Dyrektor ds. E-Commerce,<br \/>\nE-Commerce Project Manager,<br \/>\nSpecjalista\u00a0ds. e-commerce.<\/p>\n<\/div><\/div><footer class=\"entry-footer\"><\/footer><\/article><div class=\"iconlist-timeline\"><\/div><\/li>\n<li><div class='iconlist_icon av-av_iconlist_item-13aa77d215b7e8944325756c04682e15 avia-font-entypo-fontello'><span class='iconlist-char' aria-hidden='true' data-av_icon='\ue8f3' data-av_iconfont='entypo-fontello'><\/span><\/div><article class=\"article-icon-entry \"  itemscope=\"itemscope\" itemtype=\"https:\/\/schema.org\/CreativeWork\" ><div class=\"iconlist_content_wrap\"><header class=\"entry-content-header\"><h4 class='av_iconlist_title iconlist_title  '  itemprop=\"headline\" >Social Media<\/h4><\/header><div class='iconlist_content '  itemprop=\"text\" ><p>Head of Social Media Division,<br \/>\nSenior Social Media Specialist,<br \/>\nSocial Media Specialist.<\/p>\n<\/div><\/div><footer class=\"entry-footer\"><\/footer><\/article><div class=\"iconlist-timeline\"><\/div><\/li>\n<li><div class='iconlist_icon av-av_iconlist_item-d7d04845dd9bd94a8ef8ca60159c7245 avia-font-entypo-fontello'><span class='iconlist-char' aria-hidden='true' data-av_icon='\ue856' data-av_iconfont='entypo-fontello'><\/span><\/div><article class=\"article-icon-entry \"  itemscope=\"itemscope\" itemtype=\"https:\/\/schema.org\/CreativeWork\" ><div class=\"iconlist_content_wrap\"><header class=\"entry-content-header\"><h4 class='av_iconlist_title iconlist_title  '  itemprop=\"headline\" >Web Development \/ Graficy<\/h4><\/header><div class='iconlist_content '  itemprop=\"text\" ><p>Kierownik ds. przetwarzania danych,<br \/>\nProject Manager, Software Manager,<br \/>\n.NET Developer,<br \/>\nPhyton\/Django Developer,<br \/>\nWebdeveloper,<br \/>\nProgramista ASP.NET,<br \/>\nGrafik\u00a0webowy.<\/p>\n<\/div><\/div><footer class=\"entry-footer\"><\/footer><\/article><div class=\"iconlist-timeline\"><\/div><\/li>\n<li><div class='iconlist_icon av-av_iconlist_item-695f95f0d3b54cd6c98bedf49a66db81 avia-font-entypo-fontello'><span class='iconlist-char' aria-hidden='true' data-av_icon='\ue8b1' data-av_iconfont='entypo-fontello'><\/span><\/div><article class=\"article-icon-entry \"  itemscope=\"itemscope\" itemtype=\"https:\/\/schema.org\/CreativeWork\" ><div class=\"iconlist_content_wrap\"><header class=\"entry-content-header\"><h4 class='av_iconlist_title iconlist_title  '  itemprop=\"headline\" >Rekrutacje zagraniczne<\/h4><\/header><div class='iconlist_content '  itemprop=\"text\" ><p>Prowadzimy r\u00f3wnie\u017c dedykowane projekty rekrutacyjne w regionie CEE.<\/p>\n<\/div><\/div><footer class=\"entry-footer\"><\/footer><\/article><div class=\"iconlist-timeline\"><\/div><\/li>\n<\/ul><\/div><\/p><\/div>\n<\/div><\/div><\/div><!-- close content main div --><\/div><\/div>\n<style type=\"text\/css\" data-created_by=\"avia_inline_auto\" id=\"style-css-av-av_section-d0c660a09c713fae959a6006bd029ad7\">\n.avia-section.av-av_section-d0c660a09c713fae959a6006bd029ad7{\nbackground-color:#ffffff;\nbackground-image:unset;\n}\n<\/style>\n<div id='av_section_1'  class='avia-section av-av_section-d0c660a09c713fae959a6006bd029ad7 main_color avia-section-default avia-no-shadow  avia-builder-el-12  el_after_av_one_half  avia-builder-el-last  avia-bg-style-scroll container_wrap sidebar_right'  ><div class='container av-section-cont-open' ><div class='template-page content  av-content-small alpha units'><div class='post-entry post-entry-type-page post-entry-24'><div class='entry-content-wrapper clearfix'>\n<div  class='avia-logo-element-container av-av_partner-3e7c8c8da3a40c83553a28a01cc5da29 av-border-deactivate avia-logo-slider avia-content-slider avia-smallarrow-slider avia-content-slider-active noHover avia-content-slider-even  avia-builder-el-13  avia-builder-el-no-sibling  av-slideshow-ui av-control-default av-nav-arrows-visible av-nav-dots-visible av-no-slider-navigation av-slideshow-autoplay av-loop-endless av-loop-manual-endless avia-content-slider1' data-slideshow-options=\"{&quot;animation&quot;:&quot;slide&quot;,&quot;autoplay&quot;:true,&quot;loop_autoplay&quot;:&quot;endless&quot;,&quot;interval&quot;:5,&quot;loop_manual&quot;:&quot;manual-endless&quot;,&quot;autoplay_stopper&quot;:false,&quot;noNavigation&quot;:false,&quot;bg_slider&quot;:false,&quot;keep_padding&quot;:&quot;&quot;,&quot;hoverpause&quot;:false,&quot;show_slide_delay&quot;:0}\"><div class='avia-smallarrow-slider-heading '><div class='new-special-heading'><h3 class='av-logo-special-heading-text '>Zaufali nam<\/h3><\/div><div class='avia-slideshow-arrows avia-slideshow-controls' ><a href='#prev' class='prev-slide ' aria-hidden='true' data-av_icon='\ue87c' data-av_iconfont='entypo-fontello'  tabindex='-1'>Previous<\/a><a href='#next' class='next-slide ' aria-hidden='true' data-av_icon='\ue87d' data-av_iconfont='entypo-fontello'  tabindex='-1'>Next<\/a><\/div><\/div><div class=\"avia-content-slider-inner\"><div class=\"slide-entry-wrap\"><div  class='slide-entry av-av_partner_logo-ab850d7f80fecb4185d6c9658f0dff0b flex_column no_margin av_one_fourth real-thumbnail post-entry slide-entry-overview slide-loop-1 slide-parity-odd  first'><span class='av-partner-fake-img' style='padding-bottom:40%; background-image:url(http:\/\/internettalents.com\/pl\/wp-content\/uploads\/sites\/2\/2015\/08\/nk-logo-it.jpg);'><\/span><\/div><div  class='slide-entry av-av_partner_logo-4d327cedda66e47bcd85114097e91571 flex_column no_margin av_one_fourth real-thumbnail post-entry slide-entry-overview slide-loop-2 slide-parity-even  '><span class='av-partner-fake-img' style='padding-bottom:40%; background-image:url(http:\/\/internettalents.com\/pl\/wp-content\/uploads\/sites\/2\/2015\/08\/money-logo-it.jpg);'><\/span><\/div><div  class='slide-entry av-av_partner_logo-5db2e25c82e088b9cf9e89182afbc9cd flex_column no_margin av_one_fourth real-thumbnail post-entry slide-entry-overview slide-loop-3 slide-parity-odd  '><span class='av-partner-fake-img' style='padding-bottom:40%; background-image:url(http:\/\/internettalents.com\/pl\/wp-content\/uploads\/sites\/2\/2015\/08\/ban-logo-it.jpg);'><\/span><\/div><div  class='slide-entry av-av_partner_logo-145095d9d5b441326e3865a24cf7d93c flex_column no_margin av_one_fourth real-thumbnail post-entry slide-entry-overview slide-loop-4 slide-parity-even  '><span class='av-partner-fake-img' style='padding-bottom:40%; background-image:url(http:\/\/internettalents.com\/pl\/wp-content\/uploads\/sites\/2\/2015\/08\/zenithoptimedia-logo-it.jpg);'><\/span><\/div><\/div><div class=\"slide-entry-wrap\"><div  class='slide-entry av-av_partner_logo-789eb838a74ddee948f11d99832b0368 flex_column no_margin av_one_fourth real-thumbnail post-entry slide-entry-overview slide-loop-5 slide-parity-odd  first'><span class='av-partner-fake-img' style='padding-bottom:40%; background-image:url(http:\/\/internettalents.com\/pl\/wp-content\/uploads\/sites\/2\/2015\/08\/cube-group-logo-it.jpg);'><\/span><\/div><div  class='slide-entry av-av_partner_logo-42466cbf79edeab82a414d8ec79b0d0a flex_column no_margin av_one_fourth real-thumbnail post-entry slide-entry-overview slide-loop-6 slide-parity-even  '><span class='av-partner-fake-img' style='padding-bottom:40%; background-image:url(http:\/\/internettalents.com\/pl\/wp-content\/uploads\/sites\/2\/2015\/08\/bonnier-logo-it.jpg);'><\/span><\/div><div  class='slide-entry av-av_partner_logo-0462f15159dfc22086dc7453ba77a0ed flex_column no_margin av_one_fourth real-thumbnail post-entry slide-entry-overview slide-loop-7 slide-parity-odd  '><span class='av-partner-fake-img' style='padding-bottom:40%; background-image:url(http:\/\/internettalents.com\/pl\/wp-content\/uploads\/sites\/2\/2015\/08\/allegro-logo-it.jpg);'><\/span><\/div><div  class='slide-entry av-av_partner_logo-85d4378988fd8095f6c0ea1a4e09cdce flex_column no_margin av_one_fourth real-thumbnail post-entry slide-entry-overview slide-loop-8 slide-parity-even post-entry-last '><span class='av-partner-fake-img' style='padding-bottom:40%; background-image:url(http:\/\/internettalents.com\/pl\/wp-content\/uploads\/sites\/2\/2015\/08\/agora-logo-it.jpg);'><\/span><\/div><\/div><\/div><\/div>\n<\/div><\/div><\/div><!-- close content main div --><\/div><\/div><div id='after_section_1'  class='main_color av_default_container_wrap container_wrap sidebar_right'  ><div class='container av-section-cont-open' ><div class='template-page content  av-content-small alpha units'><div class='post-entry post-entry-type-page post-entry-24'><div class='entry-content-wrapper clearfix'>\n","protected":false},"excerpt":{"rendered":"","protected":false},"author":2,"featured_media":0,"parent":0,"menu_order":0,"comment_status":"closed","ping_status":"closed","template":"","meta":[],"yoast_head":"<!-- This site is optimized with the Yoast SEO plugin v19.6.1 - https:\/\/yoast.com\/wordpress\/plugins\/seo\/ -->\n<title>Oferta - Internet Talents PL<\/title>\n<meta name=\"robots\" content=\"index, follow, max-snippet:-1, max-image-preview:large, max-video-preview:-1\" \/>\n<link rel=\"canonical\" href=\"http:\/\/internettalents.com\/pl\/oferta\/\" \/>\n<meta property=\"og:locale\" content=\"pl_PL\" \/>\n<meta property=\"og:type\" content=\"article\" \/>\n<meta property=\"og:title\" content=\"Oferta - Internet Talents PL\" \/>\n<meta property=\"og:url\" content=\"http:\/\/internettalents.com\/pl\/oferta\/\" \/>\n<meta property=\"og:site_name\" content=\"Internet Talents PL\" \/>\n<meta property=\"article:modified_time\" content=\"2020-03-14T16:11:42+00:00\" \/>\n<meta name=\"twitter:card\" content=\"summary\" \/>\n<meta name=\"twitter:label1\" content=\"Szacowany czas czytania\" \/>\n\t<meta name=\"twitter:data1\" content=\"5 minut\" \/>\n<script type=\"application\/ld+json\" class=\"yoast-schema-graph\">{\"@context\":\"https:\/\/schema.org\",\"@graph\":[{\"@type\":\"WebPage\",\"@id\":\"http:\/\/internettalents.com\/pl\/oferta\/\",\"url\":\"http:\/\/internettalents.com\/pl\/oferta\/\",\"name\":\"Oferta - Internet Talents PL\",\"isPartOf\":{\"@id\":\"http:\/\/internettalents.com\/pl\/#website\"},\"datePublished\":\"2015-08-25T13:18:45+00:00\",\"dateModified\":\"2020-03-14T16:11:42+00:00\",\"breadcrumb\":{\"@id\":\"http:\/\/internettalents.com\/pl\/oferta\/#breadcrumb\"},\"inLanguage\":\"pl-PL\",\"potentialAction\":[{\"@type\":\"ReadAction\",\"target\":[\"http:\/\/internettalents.com\/pl\/oferta\/\"]}]},{\"@type\":\"BreadcrumbList\",\"@id\":\"http:\/\/internettalents.com\/pl\/oferta\/#breadcrumb\",\"itemListElement\":[{\"@type\":\"ListItem\",\"position\":1,\"name\":\"Strona g\u0142\u00f3wna\",\"item\":\"http:\/\/internettalents.com\/pl\/\"},{\"@type\":\"ListItem\",\"position\":2,\"name\":\"Oferta\"}]},{\"@type\":\"WebSite\",\"@id\":\"http:\/\/internettalents.com\/pl\/#website\",\"url\":\"http:\/\/internettalents.com\/pl\/\",\"name\":\"Internet Talents PL\",\"description\":\"Kolejna witryna sieci &#8222;Internet Talents&#8221;\",\"potentialAction\":[{\"@type\":\"SearchAction\",\"target\":{\"@type\":\"EntryPoint\",\"urlTemplate\":\"http:\/\/internettalents.com\/pl\/?s={search_term_string}\"},\"query-input\":\"required name=search_term_string\"}],\"inLanguage\":\"pl-PL\"}]}<\/script>\n<!-- \/ Yoast SEO plugin. -->","yoast_head_json":{"title":"Oferta - Internet Talents PL","robots":{"index":"index","follow":"follow","max-snippet":"max-snippet:-1","max-image-preview":"max-image-preview:large","max-video-preview":"max-video-preview:-1"},"canonical":"http:\/\/internettalents.com\/pl\/oferta\/","og_locale":"pl_PL","og_type":"article","og_title":"Oferta - Internet Talents PL","og_url":"http:\/\/internettalents.com\/pl\/oferta\/","og_site_name":"Internet Talents PL","article_modified_time":"2020-03-14T16:11:42+00:00","twitter_card":"summary","twitter_misc":{"Szacowany czas czytania":"5 minut"},"schema":{"@context":"https:\/\/schema.org","@graph":[{"@type":"WebPage","@id":"http:\/\/internettalents.com\/pl\/oferta\/","url":"http:\/\/internettalents.com\/pl\/oferta\/","name":"Oferta - Internet Talents PL","isPartOf":{"@id":"http:\/\/internettalents.com\/pl\/#website"},"datePublished":"2015-08-25T13:18:45+00:00","dateModified":"2020-03-14T16:11:42+00:00","breadcrumb":{"@id":"http:\/\/internettalents.com\/pl\/oferta\/#breadcrumb"},"inLanguage":"pl-PL","potentialAction":[{"@type":"ReadAction","target":["http:\/\/internettalents.com\/pl\/oferta\/"]}]},{"@type":"BreadcrumbList","@id":"http:\/\/internettalents.com\/pl\/oferta\/#breadcrumb","itemListElement":[{"@type":"ListItem","position":1,"name":"Strona g\u0142\u00f3wna","item":"http:\/\/internettalents.com\/pl\/"},{"@type":"ListItem","position":2,"name":"Oferta"}]},{"@type":"WebSite","@id":"http:\/\/internettalents.com\/pl\/#website","url":"http:\/\/internettalents.com\/pl\/","name":"Internet Talents PL","description":"Kolejna witryna sieci &#8222;Internet Talents&#8221;","potentialAction":[{"@type":"SearchAction","target":{"@type":"EntryPoint","urlTemplate":"http:\/\/internettalents.com\/pl\/?s={search_term_string}"},"query-input":"required name=search_term_string"}],"inLanguage":"pl-PL"}]}},"_links":{"self":[{"href":"http:\/\/internettalents.com\/pl\/wp-json\/wp\/v2\/pages\/24"}],"collection":[{"href":"http:\/\/internettalents.com\/pl\/wp-json\/wp\/v2\/pages"}],"about":[{"href":"http:\/\/internettalents.com\/pl\/wp-json\/wp\/v2\/types\/page"}],"author":[{"embeddable":true,"href":"http:\/\/internettalents.com\/pl\/wp-json\/wp\/v2\/users\/2"}],"replies":[{"embeddable":true,"href":"http:\/\/internettalents.com\/pl\/wp-json\/wp\/v2\/comments?post=24"}],"version-history":[{"count":22,"href":"http:\/\/internettalents.com\/pl\/wp-json\/wp\/v2\/pages\/24\/revisions"}],"predecessor-version":[{"id":228,"href":"http:\/\/internettalents.com\/pl\/wp-json\/wp\/v2\/pages\/24\/revisions\/228"}],"wp:attachment":[{"href":"http:\/\/internettalents.com\/pl\/wp-json\/wp\/v2\/media?parent=24"}],"curies":[{"name":"wp","href":"https:\/\/api.w.org\/{rel}","templated":true}]}}