{"id":22,"date":"2015-08-25T15:18:24","date_gmt":"2015-08-25T13:18:24","guid":{"rendered":"http:\/\/internettalents.com\/pl\/?page_id=22"},"modified":"2020-03-14T17:23:21","modified_gmt":"2020-03-14T16:23:21","slug":"o-nas","status":"publish","type":"page","link":"http:\/\/internettalents.com\/pl\/o-nas\/","title":{"rendered":"O nas"},"content":{"rendered":"<div class='flex_column av-av_one_half-2a9015ff38129c418a3f2eafba3e9512 av_one_half  avia-builder-el-0  el_before_av_one_half  avia-builder-el-first  first flex_column_div '     ><p>\n<style type=\"text\/css\" data-created_by=\"avia_inline_auto\" id=\"style-css-av-av_image-2e0f30f0c4793bf21a080de0735382d7\">\n.avia-image-container.av-av_image-2e0f30f0c4793bf21a080de0735382d7 img.avia_image{\nbox-shadow:none;\n}\n.avia-image-container.av-av_image-2e0f30f0c4793bf21a080de0735382d7 .av-image-caption-overlay-center{\ncolor:#ffffff;\nfont-size:12px;\n}\n<\/style>\n<div  class='avia-image-container av-av_image-2e0f30f0c4793bf21a080de0735382d7 av-styling- avia-align-center  avia-builder-el-1  el_before_av_testimonials  avia-builder-el-first '   itemprop=\"image\" itemscope=\"itemscope\" itemtype=\"https:\/\/schema.org\/ImageObject\" ><div class=\"avia-image-container-inner\"><div class=\"avia-image-overlay-wrap\"><img class='wp-image-107 avia-img-lazy-loading-not-107 avia_image ' src='http:\/\/internettalents.com\/pl\/wp-content\/uploads\/sites\/2\/2015\/08\/agnieszka-na-szczycie.jpg' alt='' title='agnieszka na szczycie'  height=\"816\" width=\"612\"  itemprop=\"thumbnailUrl\"  \/><\/div><\/div><\/div><br \/>\n<div  class='avia-testimonial-wrapper av-av_testimonials-dfdcbe2bbda75220796248d01d289b52 avia-grid-testimonials avia-grid-1-testimonials avia_animate_when_almost_visible' >\n<section class=\"avia-testimonial-row\"><div class='avia-testimonial av-av_testimonial_single-11397af401a69501fa64898de6491c4e avia-testimonial-row-1 avia-first-testimonial flex_column no_margin av_one_full'><div class='avia-testimonial_inner'  itemscope=\"itemscope\" itemtype=\"https:\/\/schema.org\/CreativeWork\" ><div class='avia-testimonial-image'  itemprop=\"image\" ><img width=\"180\" height=\"180\" src=\"http:\/\/internettalents.com\/pl\/wp-content\/uploads\/sites\/2\/2015\/08\/ag1-180x180.jpg\" class=\"avia-img-lazy-loading-68 attachment-square size-square\" alt=\"\" loading=\"lazy\" \/><\/div><div class='avia-testimonial-content '><div class='avia-testimonial-markup-entry-content'  itemprop=\"text\" ><p>Przy trudnych projektach, tak jak na trudnych \u015bcianach liczy si\u0119 sprawdzony i do\u015bwiadczony partner, kt\u00f3remu mo\u017cesz zaufa\u0107. Wiemy co to odpowiedzialno\u015b\u0107, zaufanie i wsp\u00f3\u0142praca. Z nami osi\u0105gniesz sw\u00f3j cel.<\/p>\n<\/div><\/div><div class=\"avia-testimonial-meta\"><div class=\"avia-testimonial-arrow-wrap\"><div class=\"avia-arrow\"><\/div><\/div><div class='avia-testimonial-meta-mini'  itemprop=\"author\" itemscope=\"itemscope\" itemtype=\"https:\/\/schema.org\/Person\" ><strong  class='avia-testimonial-name'  itemprop=\"name\" >Agnieszka Guzek<\/strong><span  class='avia-testimonial-subtitle '  itemprop=\"jobTitle\" >Partnerka Zarz\u0105dzaj\u0105ca<\/span><\/div><\/div><\/div><\/div><\/section>\n<\/div><\/p><\/div>\n<div class='flex_column av-av_one_half-f78fb3c186c5ceb3cf0bf54353219056 av_one_half  avia-builder-el-3  el_after_av_one_half  el_before_av_hr  flex_column_div '     ><p>\n<style type=\"text\/css\" data-created_by=\"avia_inline_auto\" id=\"style-css-av-av_heading-b36ec5328e34326ac0ec8de5d090adda\">\n#top .av-special-heading.av-av_heading-b36ec5328e34326ac0ec8de5d090adda{\npadding-bottom:10px;\n}\nbody .av-special-heading.av-av_heading-b36ec5328e34326ac0ec8de5d090adda .av-special-heading-tag .heading-char{\nfont-size:25px;\n}\n.av-special-heading.av-av_heading-b36ec5328e34326ac0ec8de5d090adda .av-subheading{\nfont-size:15px;\n}\n<\/style>\n<div  class='av-special-heading av-av_heading-b36ec5328e34326ac0ec8de5d090adda av-special-heading-h3  avia-builder-el-4  el_before_av_textblock  avia-builder-el-first '><h3 class='av-special-heading-tag'  itemprop=\"headline\"  >O naszej agencji<\/h3><div class=\"special-heading-border\"><div class=\"special-heading-inner-border\"><\/div><\/div><\/div><br \/>\n<section  class='av_textblock_section av-av_textblock-0366cc7376be6c9e82a3e9cc8987b64f'  itemscope=\"itemscope\" itemtype=\"https:\/\/schema.org\/CreativeWork\" ><div class='avia_textblock'  itemprop=\"text\" ><p>Jeste\u015bmy butikow\u0105 agencj\u0105 rekrutacyjn\u0105 za\u0142o\u017con\u0105 w 2008 roku. Specjalizujemy si\u0119 wy\u0142\u0105cznie w rekrutacjach w\u00a0Online Media\/Marketing\/Advertising, E-commerce oraz Web development.\u00a0Realizujemy projekty z zakresu stanowisk specjalistycznych, menad\u017cerskich, jak i top management. Dzia\u0142amy wy\u0142\u0105cznie metod\u0105\u00a0direct search.<\/p>\n<p>Nasz ma\u0142y zesp\u00f3\u0142 sk\u0142ada si\u0119 z profesjonalist\u00f3w z du\u017cym do\u015bwiadczeniem na rynku internetowym i bogat\u0105 siatk\u0105 relacji w Polsce i Europie.\u00a0Mamy doskona\u0142e relacje \u00a0z bran\u017cowymi ekspertami, kt\u00f3rzy wspieraj\u0105 nas w realizacji projekt\u00f3w.<\/p>\n<p>Do ka\u017cdego Klienta podchodzimy indywidualnie, dbaj\u0105c o jak najlepsze dopasowanie Kandydata do kultury organizacyjnej Klienta.<br \/>\nProjekty rekrutacyjne prowadzimy z uwzgl\u0119dnieniem zasad Employer Brandingu wed\u0142ug otrzymanych wytycznych.<\/p>\n<p>Wszelkie dzia\u0142ania prowadzimy zgodnie z zasadami etycznymi, z poszanowaniem godno\u015bci drugiego cz\u0142owieka. Gwarantujemy poufno\u015b\u0107 wszelkich informacji uzyskanych na potrzeby prowadzenia projektu.<\/p>\n<p>W trakcie 11 lat dzia\u0142alno\u015bci z sukcesami zrealizowali\u015bmy projekty dla: Acxiom, Wolters Kluwer, Teleroute, Vector, Business Management Software, Inter Cars, Grupa Allegro, Nasza Klasa, AGORA, Zenithoptimedia Group, GroupM,\u00a0 Bonnier Business, Cube Group, Business Ad Network, Brand New Media, Melog.com, Money.pl i wielu innych firm.<\/p>\n<\/div><\/section><\/p><\/div>\n<div  class='hr av-av_hr-dcd2069817a0e3d34ae04cad8f3443c7 hr-default  avia-builder-el-6  el_after_av_one_half  el_before_av_heading '><span class='hr-inner '><span class=\"hr-inner-style\"><\/span><\/span><\/div>\n\n<style type=\"text\/css\" data-created_by=\"avia_inline_auto\" id=\"style-css-av-av_heading-a44cfccd66e8bdc165b91facc27f42eb\">\n#top .av-special-heading.av-av_heading-a44cfccd66e8bdc165b91facc27f42eb{\npadding-bottom:10px;\n}\nbody .av-special-heading.av-av_heading-a44cfccd66e8bdc165b91facc27f42eb .av-special-heading-tag .heading-char{\nfont-size:25px;\n}\n.av-special-heading.av-av_heading-a44cfccd66e8bdc165b91facc27f42eb .av-subheading{\nfont-size:15px;\n}\n<\/style>\n<div  class='av-special-heading av-av_heading-a44cfccd66e8bdc165b91facc27f42eb av-special-heading-h2 blockquote modern-quote modern-centered  avia-builder-el-7  el_after_av_hr  el_before_av_hr  av-thin-font'><h2 class='av-special-heading-tag'  itemprop=\"headline\"  ><strong>Zesp\u00f3\u0142<\/strong><\/h2><div class='av-subheading av-subheading_below'><p>Poznaj nas bli\u017cej. Sprawd\u017a nasze do\u015bwiadczenie. Razem jeste\u015bmy ju\u017c 32 lata w bran\u017cy internetowej.<\/p>\n<\/div><div class=\"special-heading-border\"><div class=\"special-heading-inner-border\"><\/div><\/div><\/div>\n\n<style type=\"text\/css\" data-created_by=\"avia_inline_auto\" id=\"style-css-av-av_hr-c9ba6ccf0e28539cef079a4b419f7f68\">\n#top .hr.hr-invisible.av-av_hr-c9ba6ccf0e28539cef079a4b419f7f68{\nheight:25px;\n}\n<\/style>\n<div  class='hr av-av_hr-c9ba6ccf0e28539cef079a4b419f7f68 hr-invisible  avia-builder-el-8  el_after_av_heading  el_before_av_one_third '><span class='hr-inner '><span class=\"hr-inner-style\"><\/span><\/span><\/div>\n<div class='flex_column av-av_one_third-2a9015ff38129c418a3f2eafba3e9512 av_one_third  avia-builder-el-9  el_after_av_hr  el_before_av_one_third  first flex_column_div '     ><section  class='avia-team-member av-av_team_member-8a7cd45f2a9df5802df178e90d47db14  avia-builder-el-10  avia-builder-el-no-sibling '  itemscope=\"itemscope\" itemtype=\"https:\/\/schema.org\/Person\" ><div class=\"team-img-container\"><img class='wp-image-215 avia-img-lazy-loading-not-215 avia_image avia_image_team' src='http:\/\/internettalents.com\/pl\/wp-content\/uploads\/sites\/2\/2015\/08\/ag2-300x300.jpg' alt='Agnieszka Guzek'  itemprop=\"image\"   height=\"300\" width=\"300\" \/><div class=\"team-social\"><div class=\"team-social-inner\"><span class='hidden av_member_url_markup linkedin'  itemprop=\"url\" >https:\/\/pl.linkedin.com\/in\/agnieszkaguzek<\/span><a href='https:\/\/pl.linkedin.com\/in\/agnieszkaguzek' class='avia-team-icon av-av_team_icon-2e4ee387b5c7c83241e04e7a664853d8 linkedin' rel='v:url' data-avia-tooltip=\"Profil na LinkedIn\"  aria-hidden='true' data-av_icon='\ue8fc' data-av_iconfont='entypo-fontello'><\/a><\/div><\/div><\/div><h3 class='team-member-name '  itemprop=\"name\" >Agnieszka Guzek<\/h3><div class='team-member-job-title '  itemprop=\"jobTitle\" >CEO<\/div><div class='team-member-description '  itemprop=\"description\" ><p>Psycholog organizacji ze \u015bcis\u0142ymi cechami umys\u0142u. Pierwsz\u0105 pr\u00f3b\u0119 po\u0142\u0105czenia fascynacji internetem i psychologi\u0105 zrealizowa\u0142a broni\u0105c prac\u0119 dyplomow\u0105 na temat cel\u00f3w indywidualnych i grupowych w komunikacji na grupach dyskusyjnych w Usenecie na wydziale psychologii SWPS.<br \/>\n<a href=\"http:\/\/internettalents.com\/pl\/zespol\/\">Czytaj wi\u0119cej<\/a><\/p>\n<\/div><span class='hidden team-member-affiliation'  itemprop=\"affiliation\" >Internet Talents PL<\/span><\/section><\/div><div class='flex_column av-av_one_third-f78fb3c186c5ceb3cf0bf54353219056 av_one_third  avia-builder-el-11  el_after_av_one_third  el_before_av_one_third  flex_column_div '     ><section  class='avia-team-member av-av_team_member-eea05145e8c56848ae0b7a02eef18c2a  avia-builder-el-12  avia-builder-el-no-sibling '  itemscope=\"itemscope\" itemtype=\"https:\/\/schema.org\/Person\" ><div class=\"team-img-container\"><img class='wp-image-72 avia-img-lazy-loading-not-72 avia_image avia_image_team' src='http:\/\/internettalents.com\/pl\/wp-content\/uploads\/sites\/2\/2015\/08\/js-300x300.jpg' alt='Jaros\u0142aw Sobolewski'  itemprop=\"image\"   height=\"300\" width=\"300\" \/><div class=\"team-social\"><div class=\"team-social-inner\"><span class='hidden av_member_url_markup linkedin'  itemprop=\"url\" >https:\/\/pl.linkedin.com\/in\/jsobolewski<\/span><a href='https:\/\/pl.linkedin.com\/in\/jsobolewski' class='avia-team-icon av-av_team_icon-43a8785f221789233bd710806d0a6fdf linkedin' rel=\"v:url noopener\" data-avia-tooltip=\"Profil na LinkedIn\" target='_blank' aria-hidden='true' data-av_icon='\ue8fc' data-av_iconfont='entypo-fontello'><\/a><\/div><\/div><\/div><h3 class='team-member-name '  itemprop=\"name\" >Jaros\u0142aw Sobolewski<\/h3><div class='team-member-job-title '  itemprop=\"jobTitle\" >Partner<\/div><div class='team-member-description '  itemprop=\"description\" ><p>Od 1997 roku zwi\u0105zany z rynkiem medi\u00f3w internetowych w Polsce. Wieloletni Dyrektor Generalny Zwi\u0105zku Pracodawc\u00f3w Bran\u017cy Internetowej IAB Polska, Cz\u0142onek Zarz\u0105du IAB Europe oraz menad\u017cer regionalny IAB Europe na Europ\u0119 \u015arodkowo-wschodni\u0105 wspieraj\u0105cy rozw\u00f3j internetowych organizacji bran\u017cowych w krajach CEE.<br \/>\n<a href=\"http:\/\/internettalents.com\/pl\/zespol\/\">Czytaj wi\u0119cej<\/a><\/p>\n<\/div><span class='hidden team-member-affiliation'  itemprop=\"affiliation\" >Internet Talents PL<\/span><\/section><\/div><\/p>\n<div class='flex_column av-av_one_third-f78fb3c186c5ceb3cf0bf54353219056 av_one_third  avia-builder-el-13  el_after_av_one_third  el_before_av_one_half  flex_column_div '     ><section  class='avia-team-member av-av_team_member-dcd8194fbd83c48bdda7fe035f09e4ba  avia-builder-el-14  avia-builder-el-no-sibling '  itemscope=\"itemscope\" itemtype=\"https:\/\/schema.org\/Person\" ><div class=\"team-img-container\"><img class='wp-image-70 avia-img-lazy-loading-not-70 avia_image avia_image_team' src='http:\/\/internettalents.com\/pl\/wp-content\/uploads\/sites\/2\/2015\/08\/es-300x300.jpg' alt='Ewa Sackiewicz-Steckiewicz'  itemprop=\"image\"   height=\"300\" width=\"300\" \/><div class=\"team-social\"><div class=\"team-social-inner\"><span class='hidden av_member_url_markup linkedin'  itemprop=\"url\" >https:\/\/pl.linkedin.com\/pub\/ewa-sackiewicz-steckiewicz\/35\/2b5\/367<\/span><a href='https:\/\/pl.linkedin.com\/pub\/ewa-sackiewicz-steckiewicz\/35\/2b5\/367' class='avia-team-icon av-av_team_icon-ca6d23122a2efbf263a4754370cb4a8d linkedin' rel=\"v:url noopener\" data-avia-tooltip=\"Profil na LinkedIn\" target='_blank' aria-hidden='true' data-av_icon='\ue8fc' data-av_iconfont='entypo-fontello'><\/a><\/div><\/div><\/div><h3 class='team-member-name '  itemprop=\"name\" >Ewa Sackiewicz-Steckiewicz<\/h3><div class='team-member-job-title '  itemprop=\"jobTitle\" >Starsza konsultantka HR<\/div><div class='team-member-description '  itemprop=\"description\" ><p>Uko\u0144czy\u0142a Europejsk\u0105 Wy\u017csz\u0105 Szko\u0142\u0119 Prawa i Administracji oraz studia podyplomowe z Zarzadzania Zasobami Ludzkimi. Od ponad 7 lat wsp\u00f3\u0142pracuje z Internet Talents w obszarze HR. Od lat z powodzeniem realizuje projekty m. in.: w zakresie executive search, rekrutacji i selekcji.<br \/>\n<a href=\"http:\/\/internettalents.com\/pl\/zespol\/\">Czytaj wi\u0119cej<\/a><\/p>\n<\/div><span class='hidden team-member-affiliation'  itemprop=\"affiliation\" >Internet Talents PL<\/span><\/section><\/div>\n<div class='flex_column av-av_one_half-2a9015ff38129c418a3f2eafba3e9512 av_one_half  avia-builder-el-15  el_after_av_one_third  avia-builder-el-last  first flex_column_div column-top-margin'     ><\/div>\n","protected":false},"excerpt":{"rendered":"","protected":false},"author":2,"featured_media":0,"parent":0,"menu_order":0,"comment_status":"closed","ping_status":"closed","template":"","meta":[],"yoast_head":"<!-- This site is optimized with the Yoast SEO plugin v19.6.1 - https:\/\/yoast.com\/wordpress\/plugins\/seo\/ -->\n<title>O nas - Internet Talents PL<\/title>\n<meta name=\"robots\" content=\"index, follow, max-snippet:-1, max-image-preview:large, max-video-preview:-1\" \/>\n<link rel=\"canonical\" href=\"http:\/\/internettalents.com\/pl\/o-nas\/\" \/>\n<meta property=\"og:locale\" content=\"pl_PL\" \/>\n<meta property=\"og:type\" content=\"article\" \/>\n<meta property=\"og:title\" content=\"O nas - Internet Talents PL\" \/>\n<meta property=\"og:url\" content=\"http:\/\/internettalents.com\/pl\/o-nas\/\" \/>\n<meta property=\"og:site_name\" content=\"Internet Talents PL\" \/>\n<meta property=\"article:modified_time\" content=\"2020-03-14T16:23:21+00:00\" \/>\n<meta name=\"twitter:card\" content=\"summary\" \/>\n<meta name=\"twitter:label1\" content=\"Szacowany czas czytania\" \/>\n\t<meta name=\"twitter:data1\" content=\"4 minuty\" \/>\n<script type=\"application\/ld+json\" class=\"yoast-schema-graph\">{\"@context\":\"https:\/\/schema.org\",\"@graph\":[{\"@type\":\"WebPage\",\"@id\":\"http:\/\/internettalents.com\/pl\/o-nas\/\",\"url\":\"http:\/\/internettalents.com\/pl\/o-nas\/\",\"name\":\"O nas - Internet Talents PL\",\"isPartOf\":{\"@id\":\"http:\/\/internettalents.com\/pl\/#website\"},\"datePublished\":\"2015-08-25T13:18:24+00:00\",\"dateModified\":\"2020-03-14T16:23:21+00:00\",\"breadcrumb\":{\"@id\":\"http:\/\/internettalents.com\/pl\/o-nas\/#breadcrumb\"},\"inLanguage\":\"pl-PL\",\"potentialAction\":[{\"@type\":\"ReadAction\",\"target\":[\"http:\/\/internettalents.com\/pl\/o-nas\/\"]}]},{\"@type\":\"BreadcrumbList\",\"@id\":\"http:\/\/internettalents.com\/pl\/o-nas\/#breadcrumb\",\"itemListElement\":[{\"@type\":\"ListItem\",\"position\":1,\"name\":\"Strona g\u0142\u00f3wna\",\"item\":\"http:\/\/internettalents.com\/pl\/\"},{\"@type\":\"ListItem\",\"position\":2,\"name\":\"O nas\"}]},{\"@type\":\"WebSite\",\"@id\":\"http:\/\/internettalents.com\/pl\/#website\",\"url\":\"http:\/\/internettalents.com\/pl\/\",\"name\":\"Internet Talents PL\",\"description\":\"Kolejna witryna sieci &#8222;Internet Talents&#8221;\",\"potentialAction\":[{\"@type\":\"SearchAction\",\"target\":{\"@type\":\"EntryPoint\",\"urlTemplate\":\"http:\/\/internettalents.com\/pl\/?s={search_term_string}\"},\"query-input\":\"required name=search_term_string\"}],\"inLanguage\":\"pl-PL\"}]}<\/script>\n<!-- \/ Yoast SEO plugin. -->","yoast_head_json":{"title":"O nas - Internet Talents PL","robots":{"index":"index","follow":"follow","max-snippet":"max-snippet:-1","max-image-preview":"max-image-preview:large","max-video-preview":"max-video-preview:-1"},"canonical":"http:\/\/internettalents.com\/pl\/o-nas\/","og_locale":"pl_PL","og_type":"article","og_title":"O nas - Internet Talents PL","og_url":"http:\/\/internettalents.com\/pl\/o-nas\/","og_site_name":"Internet Talents PL","article_modified_time":"2020-03-14T16:23:21+00:00","twitter_card":"summary","twitter_misc":{"Szacowany czas czytania":"4 minuty"},"schema":{"@context":"https:\/\/schema.org","@graph":[{"@type":"WebPage","@id":"http:\/\/internettalents.com\/pl\/o-nas\/","url":"http:\/\/internettalents.com\/pl\/o-nas\/","name":"O nas - Internet Talents PL","isPartOf":{"@id":"http:\/\/internettalents.com\/pl\/#website"},"datePublished":"2015-08-25T13:18:24+00:00","dateModified":"2020-03-14T16:23:21+00:00","breadcrumb":{"@id":"http:\/\/internettalents.com\/pl\/o-nas\/#breadcrumb"},"inLanguage":"pl-PL","potentialAction":[{"@type":"ReadAction","target":["http:\/\/internettalents.com\/pl\/o-nas\/"]}]},{"@type":"BreadcrumbList","@id":"http:\/\/internettalents.com\/pl\/o-nas\/#breadcrumb","itemListElement":[{"@type":"ListItem","position":1,"name":"Strona g\u0142\u00f3wna","item":"http:\/\/internettalents.com\/pl\/"},{"@type":"ListItem","position":2,"name":"O nas"}]},{"@type":"WebSite","@id":"http:\/\/internettalents.com\/pl\/#website","url":"http:\/\/internettalents.com\/pl\/","name":"Internet Talents PL","description":"Kolejna witryna sieci &#8222;Internet Talents&#8221;","potentialAction":[{"@type":"SearchAction","target":{"@type":"EntryPoint","urlTemplate":"http:\/\/internettalents.com\/pl\/?s={search_term_string}"},"query-input":"required name=search_term_string"}],"inLanguage":"pl-PL"}]}},"_links":{"self":[{"href":"http:\/\/internettalents.com\/pl\/wp-json\/wp\/v2\/pages\/22"}],"collection":[{"href":"http:\/\/internettalents.com\/pl\/wp-json\/wp\/v2\/pages"}],"about":[{"href":"http:\/\/internettalents.com\/pl\/wp-json\/wp\/v2\/types\/page"}],"author":[{"embeddable":true,"href":"http:\/\/internettalents.com\/pl\/wp-json\/wp\/v2\/users\/2"}],"replies":[{"embeddable":true,"href":"http:\/\/internettalents.com\/pl\/wp-json\/wp\/v2\/comments?post=22"}],"version-history":[{"count":47,"href":"http:\/\/internettalents.com\/pl\/wp-json\/wp\/v2\/pages\/22\/revisions"}],"predecessor-version":[{"id":56,"href":"http:\/\/internettalents.com\/pl\/wp-json\/wp\/v2\/pages\/22\/revisions\/56"}],"wp:attachment":[{"href":"http:\/\/internettalents.com\/pl\/wp-json\/wp\/v2\/media?parent=22"}],"curies":[{"name":"wp","href":"https:\/\/api.w.org\/{rel}","templated":true}]}}