{"id":104,"date":"2015-08-25T19:48:07","date_gmt":"2015-08-25T17:48:07","guid":{"rendered":"http:\/\/internettalents.com\/pl\/?page_id=104"},"modified":"2019-05-30T12:17:26","modified_gmt":"2019-05-30T10:17:26","slug":"zespol","status":"publish","type":"page","link":"http:\/\/internettalents.com\/pl\/zespol\/","title":{"rendered":"Zesp\u00f3\u0142"},"content":{"rendered":"<div class='flex_column av-av_one_half-2a9015ff38129c418a3f2eafba3e9512 av_one_half  avia-builder-el-0  el_before_av_one_half  avia-builder-el-first  first flex_column_div '     ><style type=\"text\/css\" data-created_by=\"avia_inline_auto\" id=\"style-css-av-av_image-291eef00a1143b6fdd5ff00a2a0855fc\">\n.avia-image-container.av-av_image-291eef00a1143b6fdd5ff00a2a0855fc img.avia_image{\nbox-shadow:none;\n}\n.avia-image-container.av-av_image-291eef00a1143b6fdd5ff00a2a0855fc .av-image-caption-overlay-center{\ncolor:#ffffff;\n}\n<\/style>\n<div  class='avia-image-container av-av_image-291eef00a1143b6fdd5ff00a2a0855fc av-styling- avia-align-center  avia-builder-el-1  avia-builder-el-no-sibling '   itemprop=\"image\" itemscope=\"itemscope\" itemtype=\"https:\/\/schema.org\/ImageObject\" ><div class=\"avia-image-container-inner\"><div class=\"avia-image-overlay-wrap\"><img class='wp-image-215 avia-img-lazy-loading-not-215 avia_image ' src='http:\/\/internettalents.com\/pl\/wp-content\/uploads\/sites\/2\/2015\/08\/ag2-300x300.jpg' alt='Agnieszka Guzek CEO Internet Talents' title='Agnieszka Guzek'  height=\"300\" width=\"300\"  itemprop=\"thumbnailUrl\"  \/><\/div><\/div><\/div><\/div>\n<div class='flex_column av-av_one_half-f78fb3c186c5ceb3cf0bf54353219056 av_one_half  avia-builder-el-2  el_after_av_one_half  el_before_av_hr  flex_column_div '     ><p>\n<style type=\"text\/css\" data-created_by=\"avia_inline_auto\" id=\"style-css-av-av_heading-c374d28bcbee20697ebe80cb305125f6\">\n#top .av-special-heading.av-av_heading-c374d28bcbee20697ebe80cb305125f6{\npadding-bottom:10px;\n}\nbody .av-special-heading.av-av_heading-c374d28bcbee20697ebe80cb305125f6 .av-special-heading-tag .heading-char{\nfont-size:25px;\n}\n.av-special-heading.av-av_heading-c374d28bcbee20697ebe80cb305125f6 .av-subheading{\nfont-size:15px;\n}\n<\/style>\n<div  class='av-special-heading av-av_heading-c374d28bcbee20697ebe80cb305125f6 av-special-heading-h3  avia-builder-el-3  el_before_av_textblock  avia-builder-el-first '><h3 class='av-special-heading-tag'  itemprop=\"headline\"  >Agnieszka Guzek<\/h3><div class=\"special-heading-border\"><div class=\"special-heading-inner-border\"><\/div><\/div><\/div><br \/>\n<section  class='av_textblock_section av-av_textblock-0366cc7376be6c9e82a3e9cc8987b64f'  itemscope=\"itemscope\" itemtype=\"https:\/\/schema.org\/CreativeWork\" ><div class='avia_textblock'  itemprop=\"text\" ><p><strong>CEO<\/strong><\/p>\n<p>Psycholog organizacji z \u015bcis\u0142ymi cechami umys\u0142u. Pierwsz\u0105 pr\u00f3b\u0119 po\u0142\u0105czenia fascynacji internetem i psychologi\u0105 zrealizowa\u0142a broni\u0105c prac\u0119 dyplomow\u0105 na temat cel\u00f3w indywidualnych i grupowych w komunikacji na grupach dyskusyjnych w Usenecie na wydziale psychologii SWPS. Agnieszka prowadzi\u0142a warsztaty psychologiczne z zakresu kompetencji spo\u0142ecznych. Asesor w projektach Assessment\/Development Center. Nieustaj\u0105ce zainteresowanie cz\u0142owiekiem i technologi\u0105\/nowymi mediami doprowadzi\u0142o do powstania butiku HR dedykowanego dla bran\u017cy internetowej. Z sukcesem prowadzi go od 11 lat dostarczaj\u0105c wiedz\u0119, kompetencje i rekrutuj\u0105c pracownik\u00f3w do firm z bran\u017cy online media\/marketing\/advertising\/e-commerce. W \u017cyciu prywatnym matka 3 dzieci.\u00a0Kocha g\u00f3ry, szczeg\u00f3lnie zim\u0105. Wspina si\u0119 w wysokich g\u00f3rach na ca\u0142ym \u015bwiecie oraz regularnie startuje w g\u00f3rskich ultramaratonach.<\/p>\n<\/div><\/section><\/p><\/div>\n<style type=\"text\/css\" data-created_by=\"avia_inline_auto\" id=\"style-css-av-av_hr-0688d0b0b6ed2f8b057db7a8270206df\">\n#top .hr.hr-invisible.av-av_hr-0688d0b0b6ed2f8b057db7a8270206df{\nheight:50px;\n}\n<\/style>\n<div  class='hr av-av_hr-0688d0b0b6ed2f8b057db7a8270206df hr-invisible  avia-builder-el-5  el_after_av_one_half  el_before_av_one_half '><span class='hr-inner '><span class=\"hr-inner-style\"><\/span><\/span><\/div><\/p>\n<div class='flex_column av-av_one_half-2a9015ff38129c418a3f2eafba3e9512 av_one_half  avia-builder-el-6  el_after_av_hr  el_before_av_one_half  first flex_column_div '     ><style type=\"text\/css\" data-created_by=\"avia_inline_auto\" id=\"style-css-av-av_image-f1f2eddefa30fc2af28dd7cbd2300a03\">\n.avia-image-container.av-av_image-f1f2eddefa30fc2af28dd7cbd2300a03 img.avia_image{\nbox-shadow:none;\n}\n.avia-image-container.av-av_image-f1f2eddefa30fc2af28dd7cbd2300a03 .av-image-caption-overlay-center{\ncolor:#ffffff;\n}\n<\/style>\n<div  class='avia-image-container av-av_image-f1f2eddefa30fc2af28dd7cbd2300a03 av-styling- avia-align-center  avia-builder-el-7  avia-builder-el-no-sibling '   itemprop=\"image\" itemscope=\"itemscope\" itemtype=\"https:\/\/schema.org\/ImageObject\" ><div class=\"avia-image-container-inner\"><div class=\"avia-image-overlay-wrap\"><img class='wp-image-72 avia-img-lazy-loading-not-72 avia_image ' src='http:\/\/internettalents.com\/pl\/wp-content\/uploads\/sites\/2\/2015\/08\/js-300x300.jpg' alt='' title='js'  height=\"300\" width=\"300\"  itemprop=\"thumbnailUrl\"  \/><\/div><\/div><\/div><\/div>\n<div class='flex_column av-av_one_half-f78fb3c186c5ceb3cf0bf54353219056 av_one_half  avia-builder-el-8  el_after_av_one_half  el_before_av_hr  flex_column_div '     ><p>\n<style type=\"text\/css\" data-created_by=\"avia_inline_auto\" id=\"style-css-av-av_heading-bc2fa8524ff26ed6e4627699ec3d4d77\">\n#top .av-special-heading.av-av_heading-bc2fa8524ff26ed6e4627699ec3d4d77{\npadding-bottom:10px;\n}\nbody .av-special-heading.av-av_heading-bc2fa8524ff26ed6e4627699ec3d4d77 .av-special-heading-tag .heading-char{\nfont-size:25px;\n}\n.av-special-heading.av-av_heading-bc2fa8524ff26ed6e4627699ec3d4d77 .av-subheading{\nfont-size:15px;\n}\n<\/style>\n<div  class='av-special-heading av-av_heading-bc2fa8524ff26ed6e4627699ec3d4d77 av-special-heading-h3  avia-builder-el-9  el_before_av_textblock  avia-builder-el-first '><h3 class='av-special-heading-tag'  itemprop=\"headline\"  >Jaros\u0142aw Sobolewski<\/h3><div class=\"special-heading-border\"><div class=\"special-heading-inner-border\"><\/div><\/div><\/div><br \/>\n<section  class='av_textblock_section av-av_textblock-efbc923ad9fb8bf1ad09094e5a831d1a'  itemscope=\"itemscope\" itemtype=\"https:\/\/schema.org\/CreativeWork\" ><div class='avia_textblock'  itemprop=\"text\" ><p><strong>Partner<\/strong><\/p>\n<p>Prowadzi agencj\u0119 rekrutacyjn\u0105 <a href=\"http:\/\/www.digitaltalents.pl\" target=\"_blank\" rel=\"noopener\">Digital Talents<\/a> specjalizujc\u0105 si\u0119 w rekrutacjach kadr zarz\u0105dczych dla firm z sektora cyfrowych medi\u00f3w, marketingu, reklamy oraz e-commerce. Wprowadza firmy zagraniczne na rynek polski. Od 1997 roku zwi\u0105zany zawodowo z rynkiem internetowym. Wsp\u00f3\u0142tw\u00f3rca sukces\u00f3w platform og\u0142oszeniowych Trader.com i Gratka.pl. Wieloletni Dyrektor Generalny Zwi\u0105zku Pracodawc\u00f3w Bran\u017cy Internetowej IAB Polska, Cz\u0142onek Zarz\u0105du IAB Europe wspieraj\u0105cy rozw\u00f3j internetowych organizacji bran\u017cowych w krajach Europy \u015arodkowo-Wschodniej. Wyr\u00f3\u017cniony nagrod\u0105 Grand Webstar dla \u201eCz\u0142owieka Roku Polskiego Internetu\u201d w 2011 oraz wsp\u00f3lnie z zespo\u0142em nagrod\u0105 dla najlepszej internetowej organizacji bran\u017cowej IAB w Europie podczas MIXX Awards Europe 2012 w Barcelonie. Prelegent, panelista, moderator i cz\u0142onek rad programowych konferencji mediowych w kraju i zagranic\u0105. Mentor w Sieci Mentor\u00f3w Polskiego Funduszu Rozwoju. Cz\u0142onek zarz\u0105du i wieloletni aktywny arbiter Komisji Etyki Reklamy przy Radzie Reklamy.<\/p>\n<\/div><\/section><\/p><\/div>\n<style type=\"text\/css\" data-created_by=\"avia_inline_auto\" id=\"style-css-av-av_hr-0688d0b0b6ed2f8b057db7a8270206df\">\n#top .hr.hr-invisible.av-av_hr-0688d0b0b6ed2f8b057db7a8270206df{\nheight:50px;\n}\n<\/style>\n<div  class='hr av-av_hr-0688d0b0b6ed2f8b057db7a8270206df hr-invisible  avia-builder-el-11  el_after_av_one_half  el_before_av_one_half '><span class='hr-inner '><span class=\"hr-inner-style\"><\/span><\/span><\/div><\/p>\n<div class='flex_column av-av_one_half-2a9015ff38129c418a3f2eafba3e9512 av_one_half  avia-builder-el-12  el_after_av_hr  el_before_av_one_half  first flex_column_div '     ><style type=\"text\/css\" data-created_by=\"avia_inline_auto\" id=\"style-css-av-av_image-241477d2668faa7085a288de1b7c6596\">\n.avia-image-container.av-av_image-241477d2668faa7085a288de1b7c6596 img.avia_image{\nbox-shadow:none;\n}\n.avia-image-container.av-av_image-241477d2668faa7085a288de1b7c6596 .av-image-caption-overlay-center{\ncolor:#ffffff;\n}\n<\/style>\n<div  class='avia-image-container av-av_image-241477d2668faa7085a288de1b7c6596 av-styling- avia-align-center  avia-builder-el-13  avia-builder-el-no-sibling '   itemprop=\"image\" itemscope=\"itemscope\" itemtype=\"https:\/\/schema.org\/ImageObject\" ><div class=\"avia-image-container-inner\"><div class=\"avia-image-overlay-wrap\"><img class='wp-image-70 avia-img-lazy-loading-not-70 avia_image ' src='http:\/\/internettalents.com\/pl\/wp-content\/uploads\/sites\/2\/2015\/08\/es-300x300.jpg' alt='' title='es'  height=\"300\" width=\"300\"  itemprop=\"thumbnailUrl\"  \/><\/div><\/div><\/div><\/div>\n<div class='flex_column av-av_one_half-f78fb3c186c5ceb3cf0bf54353219056 av_one_half  avia-builder-el-14  el_after_av_one_half  avia-builder-el-last  flex_column_div '     ><p>\n<style type=\"text\/css\" data-created_by=\"avia_inline_auto\" id=\"style-css-av-av_heading-067e29c64d66e9b545803cf05c977d69\">\n#top .av-special-heading.av-av_heading-067e29c64d66e9b545803cf05c977d69{\npadding-bottom:10px;\n}\nbody .av-special-heading.av-av_heading-067e29c64d66e9b545803cf05c977d69 .av-special-heading-tag .heading-char{\nfont-size:25px;\n}\n.av-special-heading.av-av_heading-067e29c64d66e9b545803cf05c977d69 .av-subheading{\nfont-size:15px;\n}\n<\/style>\n<div  class='av-special-heading av-av_heading-067e29c64d66e9b545803cf05c977d69 av-special-heading-h3  avia-builder-el-15  el_before_av_textblock  avia-builder-el-first '><h3 class='av-special-heading-tag'  itemprop=\"headline\"  >Ewa Sackiewicz-Steckiewicz<\/h3><div class=\"special-heading-border\"><div class=\"special-heading-inner-border\"><\/div><\/div><\/div><br \/>\n<section  class='av_textblock_section av-av_textblock-0366cc7376be6c9e82a3e9cc8987b64f'  itemscope=\"itemscope\" itemtype=\"https:\/\/schema.org\/CreativeWork\" ><div class='avia_textblock'  itemprop=\"text\" ><p><strong>Starsza konsultant HR<\/strong><\/p>\n<p>Z Internet Talents zwi\u0105zana jest od samego pocz\u0105tku. Uko\u0144czy\u0142a prawo w Europejskiej Szkole Prawa i Administracji oraz Szko\u0142\u0119\u00a0Wy\u017csz\u0105 Psychologii Spo\u0142ecznej ze specjalizacj\u0105 zarz\u0105dzanie zasobami ludzkimi.\u00a0Od pocz\u0105tku swojej kariery zawodowej pracuje z lud\u017ami i zg\u0142\u0119bia tajniki ich\u00a0zachowa\u0144 i zwyczaj\u00f3w. Praca z nimi sprawia jej rado\u015b\u0107, daje przyjemno\u015b\u0107 i jest\u00a0wyzwaniem .\u00a0Od lat z powodzeniem\u00a0realizuje projekty m in w zakresie executive search, rekrutacji i selekcji. Jej\u00a0zawodowe zainteresowania to przede wszystkim niestandardowe rekrutacje oraz\u00a0Employer Branding. Posiada umiej\u0119tno\u015bci z dziedziny zarz\u0105dzania\u00a0talentami, rekrutacji, konsultingu HR.\u00a0Prywatnie jest spe\u0142nion\u0105 i weso\u0142\u0105 kobiet\u0105. Lubi podr\u00f3\u017ce kulinarne i poznawanie\u00a0ludzi z ca\u0142ego \u015bwiata.<\/p>\n<\/div><\/section><\/p><\/div>\n","protected":false},"excerpt":{"rendered":"","protected":false},"author":2,"featured_media":0,"parent":0,"menu_order":0,"comment_status":"closed","ping_status":"closed","template":"","meta":[],"yoast_head":"<!-- This site is optimized with the Yoast SEO plugin v19.6.1 - https:\/\/yoast.com\/wordpress\/plugins\/seo\/ -->\n<title>Zesp\u00f3\u0142 - Internet Talents PL<\/title>\n<meta name=\"robots\" content=\"index, follow, max-snippet:-1, max-image-preview:large, max-video-preview:-1\" \/>\n<link rel=\"canonical\" href=\"http:\/\/internettalents.com\/pl\/zespol\/\" \/>\n<meta property=\"og:locale\" content=\"pl_PL\" \/>\n<meta property=\"og:type\" content=\"article\" \/>\n<meta property=\"og:title\" content=\"Zesp\u00f3\u0142 - Internet Talents PL\" \/>\n<meta property=\"og:url\" content=\"http:\/\/internettalents.com\/pl\/zespol\/\" \/>\n<meta property=\"og:site_name\" content=\"Internet Talents PL\" \/>\n<meta property=\"article:modified_time\" content=\"2019-05-30T10:17:26+00:00\" \/>\n<meta name=\"twitter:card\" content=\"summary\" \/>\n<meta name=\"twitter:label1\" content=\"Szacowany czas czytania\" \/>\n\t<meta name=\"twitter:data1\" content=\"4 minuty\" \/>\n<script type=\"application\/ld+json\" class=\"yoast-schema-graph\">{\"@context\":\"https:\/\/schema.org\",\"@graph\":[{\"@type\":\"WebPage\",\"@id\":\"http:\/\/internettalents.com\/pl\/zespol\/\",\"url\":\"http:\/\/internettalents.com\/pl\/zespol\/\",\"name\":\"Zesp\u00f3\u0142 - Internet Talents PL\",\"isPartOf\":{\"@id\":\"http:\/\/internettalents.com\/pl\/#website\"},\"datePublished\":\"2015-08-25T17:48:07+00:00\",\"dateModified\":\"2019-05-30T10:17:26+00:00\",\"breadcrumb\":{\"@id\":\"http:\/\/internettalents.com\/pl\/zespol\/#breadcrumb\"},\"inLanguage\":\"pl-PL\",\"potentialAction\":[{\"@type\":\"ReadAction\",\"target\":[\"http:\/\/internettalents.com\/pl\/zespol\/\"]}]},{\"@type\":\"BreadcrumbList\",\"@id\":\"http:\/\/internettalents.com\/pl\/zespol\/#breadcrumb\",\"itemListElement\":[{\"@type\":\"ListItem\",\"position\":1,\"name\":\"Strona g\u0142\u00f3wna\",\"item\":\"http:\/\/internettalents.com\/pl\/\"},{\"@type\":\"ListItem\",\"position\":2,\"name\":\"Zesp\u00f3\u0142\"}]},{\"@type\":\"WebSite\",\"@id\":\"http:\/\/internettalents.com\/pl\/#website\",\"url\":\"http:\/\/internettalents.com\/pl\/\",\"name\":\"Internet Talents PL\",\"description\":\"Kolejna witryna sieci &#8222;Internet Talents&#8221;\",\"potentialAction\":[{\"@type\":\"SearchAction\",\"target\":{\"@type\":\"EntryPoint\",\"urlTemplate\":\"http:\/\/internettalents.com\/pl\/?s={search_term_string}\"},\"query-input\":\"required name=search_term_string\"}],\"inLanguage\":\"pl-PL\"}]}<\/script>\n<!-- \/ Yoast SEO plugin. -->","yoast_head_json":{"title":"Zesp\u00f3\u0142 - Internet Talents PL","robots":{"index":"index","follow":"follow","max-snippet":"max-snippet:-1","max-image-preview":"max-image-preview:large","max-video-preview":"max-video-preview:-1"},"canonical":"http:\/\/internettalents.com\/pl\/zespol\/","og_locale":"pl_PL","og_type":"article","og_title":"Zesp\u00f3\u0142 - Internet Talents PL","og_url":"http:\/\/internettalents.com\/pl\/zespol\/","og_site_name":"Internet Talents PL","article_modified_time":"2019-05-30T10:17:26+00:00","twitter_card":"summary","twitter_misc":{"Szacowany czas czytania":"4 minuty"},"schema":{"@context":"https:\/\/schema.org","@graph":[{"@type":"WebPage","@id":"http:\/\/internettalents.com\/pl\/zespol\/","url":"http:\/\/internettalents.com\/pl\/zespol\/","name":"Zesp\u00f3\u0142 - Internet Talents PL","isPartOf":{"@id":"http:\/\/internettalents.com\/pl\/#website"},"datePublished":"2015-08-25T17:48:07+00:00","dateModified":"2019-05-30T10:17:26+00:00","breadcrumb":{"@id":"http:\/\/internettalents.com\/pl\/zespol\/#breadcrumb"},"inLanguage":"pl-PL","potentialAction":[{"@type":"ReadAction","target":["http:\/\/internettalents.com\/pl\/zespol\/"]}]},{"@type":"BreadcrumbList","@id":"http:\/\/internettalents.com\/pl\/zespol\/#breadcrumb","itemListElement":[{"@type":"ListItem","position":1,"name":"Strona g\u0142\u00f3wna","item":"http:\/\/internettalents.com\/pl\/"},{"@type":"ListItem","position":2,"name":"Zesp\u00f3\u0142"}]},{"@type":"WebSite","@id":"http:\/\/internettalents.com\/pl\/#website","url":"http:\/\/internettalents.com\/pl\/","name":"Internet Talents PL","description":"Kolejna witryna sieci &#8222;Internet Talents&#8221;","potentialAction":[{"@type":"SearchAction","target":{"@type":"EntryPoint","urlTemplate":"http:\/\/internettalents.com\/pl\/?s={search_term_string}"},"query-input":"required name=search_term_string"}],"inLanguage":"pl-PL"}]}},"_links":{"self":[{"href":"http:\/\/internettalents.com\/pl\/wp-json\/wp\/v2\/pages\/104"}],"collection":[{"href":"http:\/\/internettalents.com\/pl\/wp-json\/wp\/v2\/pages"}],"about":[{"href":"http:\/\/internettalents.com\/pl\/wp-json\/wp\/v2\/types\/page"}],"author":[{"embeddable":true,"href":"http:\/\/internettalents.com\/pl\/wp-json\/wp\/v2\/users\/2"}],"replies":[{"embeddable":true,"href":"http:\/\/internettalents.com\/pl\/wp-json\/wp\/v2\/comments?post=104"}],"version-history":[{"count":16,"href":"http:\/\/internettalents.com\/pl\/wp-json\/wp\/v2\/pages\/104\/revisions"}],"predecessor-version":[{"id":225,"href":"http:\/\/internettalents.com\/pl\/wp-json\/wp\/v2\/pages\/104\/revisions\/225"}],"wp:attachment":[{"href":"http:\/\/internettalents.com\/pl\/wp-json\/wp\/v2\/media?parent=104"}],"curies":[{"name":"wp","href":"https:\/\/api.w.org\/{rel}","templated":true}]}}